{"id":2,"date":"2012-05-18T17:28:17","date_gmt":"2012-05-18T16:28:17","guid":{"rendered":"http:\/\/www2.kral-production.cz\/?page_id=2"},"modified":"2025-12-14T11:01:50","modified_gmt":"2025-12-14T11:01:50","slug":"neco-o-me","status":"publish","type":"page","link":"https:\/\/kral-production.cz\/?page_id=2","title":{"rendered":"O mn\u011b"},"content":{"rendered":"\r\n<figure class=\"wp-block-image\"><img decoding=\"async\" src=\"https:\/\/www.kral-production.cz\/wp-content\/uploads\/2012\/05\/Ja.jpg\" alt=\"\"\/><\/figure>\r\n\r\n\r\n<h3 class=\"wp-block-heading hover:duration-80 duration-800 mb-2 mt-6 w-fit cursor-pointer text-lg underline decoration-textOff\/25 decoration-1 underline-offset-[5px] hover:text-super hover:decoration-super\/80 hover:underline-offset-[7px] dark:decoration-textOffDark\/30 dark:hover:text-superDark dark:hover:decoration-superDark\/80 transition-all first:mt-3 motion-reduce:transition-none\" id=\"profesionalni-fotograficke-sluzby\">Profesion&aacute;ln&iacute; fotografick&eacute; slu&#382;by<\/h3>\n\r\n\r\n<h4 class=\"wp-block-heading hover:duration-80 duration-800 mb-2 mt-6 w-fit cursor-pointer text-lg underline decoration-textOff\/25 decoration-1 underline-offset-[5px] hover:text-super hover:decoration-super\/80 hover:underline-offset-[7px] dark:decoration-textOffDark\/30 dark:hover:text-superDark dark:hover:decoration-superDark\/80 transition-all first:mt-3 motion-reduce:transition-none\" id=\"o-mne\">O mn&#283;<\/h4>\n\r\n\r\n\r\n<p class=\"wp-block-paragraph\"><span class=\"\">Jako profesion\u00e1ln\u00ed fotograf s v\u00edce ne\u017e 15 lety zku\u0161enost\u00ed nab\u00edz\u00edm \u0161irokou \u0161k\u00e1lu fotografick\u00fdch slu\u017eeb na nejvy\u0161\u0161\u00ed \u00farovni. Moje cesta za\u010dala v roce 2007, kdy jsem sv\u00e9 hlubok\u00e9 znalosti po\u010d\u00edta\u010dov\u00e9 grafiky aplikoval do sv\u011bta fotografie. Tato jedine\u010dn\u00e1 kombinace dovednost\u00ed mi umo\u017e\u0148uje poskytovat klient\u016fm komplexn\u00ed slu\u017eby od po\u0159\u00edzen\u00ed sn\u00edmku a\u017e po jeho fin\u00e1ln\u00ed \u00fapravu.<\/span><\/p>\r\n\r\n\r\n<h4 class=\"wp-block-heading hover:duration-80 duration-800 mb-2 mt-6 w-fit cursor-pointer text-lg underline decoration-textOff\/25 decoration-1 underline-offset-[5px] hover:text-super hover:decoration-super\/80 hover:underline-offset-[7px] dark:decoration-textOffDark\/30 dark:hover:text-superDark dark:hover:decoration-superDark\/80 transition-all first:mt-3 motion-reduce:transition-none\" id=\"filozofie-a-pristup\">Filozofie a p&#345;&iacute;stup<\/h4>\n\r\n\r\n\r\n<p class=\"wp-block-paragraph\"><span class=\"\">V\u011b\u0159\u00edm, \u017ee kvalitn\u00ed fotografie vznik\u00e1 nejen v moment\u011b stisknut\u00ed spou\u0161t\u011b, ale p\u0159edev\u0161\u00edm b\u011bhem pe\u010dliv\u00e9ho post-produk\u010dn\u00edho procesu. V\u0161echny sn\u00edmky po\u0159izuji ve form\u00e1tu RAW, kter\u00fd umo\u017e\u0148uje maxim\u00e1ln\u00ed flexibilitu p\u0159i n\u00e1sledn\u00fdch \u00faprav\u00e1ch:<\/span><\/p>\r\n\r\n\r\n<ul class=\"wp-block-list marker:text-textOff list-disc pl-8 is-layout-flex wp-container-core-list-is-layout-2c90304e wp-block-list-is-layout-flex\" style=\"\">\r\n<li><span class=\"\">Precizn&iacute; vyvol&aacute;n&iacute; digit&aacute;ln&iacute;ho negativu<\/span><\/li>\r\n\r\n\r\n\r\n<li><span class=\"\">Profesion&aacute;ln&iacute; retu&scaron;e<\/span><\/li>\r\n\r\n\r\n\r\n<li><span class=\"\">Pokro&#269;il&eacute; &uacute;pravy barevnosti, tonality a kontrast&#367;<\/span><\/li>\r\n<\/ul>\n\r\n\r\n\r\n<p class=\"wp-block-paragraph\"><span class=\"\">Tento d\u016fkladn\u00fd p\u0159\u00edstup zaji\u0161\u0165uje, \u017ee ka\u017ed\u00e1 fotografie dos\u00e1hne sv\u00e9ho pln\u00e9ho potenci\u00e1lu a spln\u00ed i ty nejn\u00e1ro\u010dn\u011bj\u0161\u00ed po\u017eadavky klient\u016f.<\/span><\/p>\r\n\r\n\r\n<h4 class=\"wp-block-heading hover:duration-80 duration-800 mb-2 mt-6 w-fit cursor-pointer text-lg underline decoration-textOff\/25 decoration-1 underline-offset-[5px] hover:text-super hover:decoration-super\/80 hover:underline-offset-[7px] dark:decoration-textOffDark\/30 dark:hover:text-superDark dark:hover:decoration-superDark\/80 transition-all first:mt-3 motion-reduce:transition-none\" id=\"specializace\">Specializace<\/h4>\n\r\n\r\n\r\n<p class=\"wp-block-paragraph\"><span class=\"\">M\u00e9 portfolio zahrnuje \u0161irokou \u0161k\u00e1lu fotografick\u00fdch discipl\u00edn s d\u016frazem na:<\/span><\/p>\r\n\r\n\r\n<ul class=\"wp-block-list marker:text-textOff list-disc pl-8 is-layout-flex wp-container-core-list-is-layout-2c90304e wp-block-list-is-layout-flex\" style=\"\">\r\n<li><span class=\"\">Krajin&aacute;&#345;skou fotografii<\/span><\/li>\r\n\r\n\r\n\r\n<li><span class=\"\">Portr&eacute;tn&iacute; fotografii (v&#269;etn&#283; pr&aacute;ce ve vlastn&iacute;m profesion&aacute;ln&#283; vybaven&eacute;m ateli&eacute;ru)<\/span><\/li>\r\n\r\n\r\n\r\n<li><span class=\"\">Report&aacute;&#382;n&iacute; fotografii (se zam&#283;&#345;en&iacute;m na um&#283;leck&aacute; vystoupen&iacute; a spole&#269;ensk&eacute; ud&aacute;losti)<\/span><\/li>\r\n<\/ul>\n\r\n\r\n<h4 class=\"wp-block-heading hover:duration-80 duration-800 mb-2 mt-6 w-fit cursor-pointer text-lg underline decoration-textOff\/25 decoration-1 underline-offset-[5px] hover:text-super hover:decoration-super\/80 hover:underline-offset-[7px] dark:decoration-textOffDark\/30 dark:hover:text-superDark dark:hover:decoration-superDark\/80 transition-all first:mt-3 motion-reduce:transition-none\" id=\"technicke-vybaveni\">Technick&eacute; vybaven&iacute;<\/h4>\n\r\n\r\n\r\n<p class=\"wp-block-paragraph\"><span class=\"\">V pr\u016fb\u011bhu let jsem pro\u0161el cel\u00fdm spektrem fotografick\u00fdch technologi\u00ed, od klasick\u00fdch kinofilmov\u00fdch apar\u00e1t\u016f p\u0159es prvn\u00ed digit\u00e1ln\u00ed fotoapar\u00e1ty a\u017e po nejmodern\u011bj\u0161\u00ed profesion\u00e1ln\u00ed syst\u00e9my. Tato evoluce mi poskytla hlubok\u00e9 porozum\u011bn\u00ed fotografick\u00e9 technice a jej\u00edm mo\u017enostem. <\/span><span class=\"\">Aktu\u00e1ln\u011b pracuji v\u00fdhradn\u011b s nejnov\u011bj\u0161\u00ed profesion\u00e1ln\u00ed technikou zna\u010dky CANON, v\u010detn\u011b pokro\u010dil\u00fdch bezrcadlov\u00fdch syst\u00e9m\u016f. Toto \u0161pi\u010dkov\u00e9 vybaven\u00ed mi umo\u017e\u0148uje dosahovat bezkonkuren\u010dn\u00ed kvality obrazu a flexibility p\u0159i pr\u00e1ci v r\u016fznorod\u00fdch podm\u00ednk\u00e1ch.<\/span><\/p>\r\n\r\n\r\n<h4 class=\"wp-block-heading hover:duration-80 duration-800 mb-2 mt-6 w-fit cursor-pointer text-lg underline decoration-textOff\/25 decoration-1 underline-offset-[5px] hover:text-super hover:decoration-super\/80 hover:underline-offset-[7px] dark:decoration-textOffDark\/30 dark:hover:text-superDark dark:hover:decoration-superDark\/80 transition-all first:mt-3 motion-reduce:transition-none\" id=\"zavazek-kvality\">Z&aacute;vazek kvality<\/h4>\n\r\n\r\n\r\n<p class=\"wp-block-paragraph\"><span class=\"\">M\u00fdm c\u00edlem je poskytovat fotografick\u00e9 slu\u017eby na nejvy\u0161\u0161\u00ed mo\u017en\u00e9 \u00farovni. Kombinace letit\u00fdch zku\u0161enost\u00ed, um\u011bleck\u00e9ho c\u00edt\u011bn\u00ed a nejmodern\u011bj\u0161\u00ed techniky mi umo\u017e\u0148uje vytv\u00e1\u0159et v\u00fdjime\u010dn\u00e9 fotografie, kter\u00e9 p\u0159ekon\u00e1vaj\u00ed o\u010dek\u00e1v\u00e1n\u00ed klient\u016f a zachycuj\u00ed jedine\u010dnost ka\u017ed\u00e9ho okam\u017eiku.<\/span><\/p>\r\n\r\n\r\n\r\n<p class=\"wp-block-paragraph\">&nbsp;<br \/><strong>Dnes fot\u00edm profesion\u00e1ln\u00edm vybaven\u00edm zna\u010dky CANON:<\/strong><br \/>Full-frame fotoapar\u00e1t CANON R6 mk. II<\/p>\r\n\r\n\r\n\r\n<p class=\"wp-block-paragraph\"><em>Objektivy:<\/em><br \/>Canon EF 35\/1.4 L USM<br \/>Canon EF 16-35\/4 L IS USM<br \/>Canon EF 24-70\/2.8 L USM II<br \/>Canon EF 70-200\/2.8 L IS USM II<br \/>Canon EF 100-400\/4.5 &#8211; 5,6 L IS USM II<br \/>+ Profesion\u00e1ln\u00ed studiov\u00e9 z\u00e1blesky + softboxy, de\u0161tn\u00edky, odrazn\u00e9 desky<br \/>&nbsp;<br \/><strong>D\u0159\u00edve pou\u017e\u00edvan\u00e1 technika:<\/strong><br \/>APS-C fotoapar\u00e1t SONY DSLR-A 200<br \/>APS-C fotoapar\u00e1t SONY DSLR-A 700<br \/>Full-frame fotoapar\u00e1t SONY DSLR-A 850<br \/>Full-frame fotoapar\u00e1t CANON 5D mk. IV<br \/><em><br \/>Objektivy:<\/em><br \/>Sony 50\/1,4<br \/>Sony Carl Zeiss Vario Tessar 24-70\/2,8 SSM<br \/>Sony DT 17-55\/4,5-5,6<br \/>Sony DT 75-300\/4,5-5,6<br \/>Minolta 17-35\/2,8-4 D<br \/>Minolta 20\/2,8<br \/>Minolta 70-210\/4 Beercan<br \/>Minolta 80-200\/2,8 HS APO-G<br \/>Sigma 10-20\/3,5<br \/>Tamron 17-50\/2,8<br \/>Tamron 90\/2,8 Macro<br \/>Canon EF 24-70\/4 L IS USM Macro<br \/>Canon EF 24-70\/2.8 L USM II<br \/>Canon EF 70-200\/4 L IS USM<\/p>\r\n\r\n\r\n\r\n<p class=\"wp-block-paragraph\">&nbsp;<em>Blesky:<\/em><br \/>Sony HVL-20<br \/>Sony HVL-56<br \/>Sony HVL-58<\/p>\r\n\r\n","protected":false},"excerpt":{"rendered":"<p>Profesion&aacute;ln&iacute; fotografick&eacute; slu&#382;by O mn&#283; Jako profesion\u00e1ln\u00ed fotograf s v\u00edce ne\u017e 15 lety zku\u0161enost\u00ed nab\u00edz\u00edm \u0161irokou \u0161k\u00e1lu fotografick\u00fdch slu\u017eeb na nejvy\u0161\u0161\u00ed \u00farovni. Moje cesta za\u010dala v roce 2007, kdy jsem sv\u00e9 hlubok\u00e9 znalosti po\u010d\u00edta\u010dov\u00e9 grafiky aplikoval do sv\u011bta fotografie. Tato jedine\u010dn\u00e1 kombinace dovednost\u00ed mi umo\u017e\u0148uje poskytovat klient\u016fm komplexn\u00ed slu\u017eby od po\u0159\u00edzen\u00ed sn\u00edmku a\u017e po jeho [&hellip;]<\/p>\n","protected":false},"author":1,"featured_media":0,"parent":290,"menu_order":1,"comment_status":"closed","ping_status":"closed","template":"","meta":{"_crdt_document":"","site-container-style":"default","site-container-layout":"default","site-sidebar-layout":"default","disable-article-header":"default","disable-site-header":"default","disable-site-footer":"default","disable-content-area-spacing":"default","ngg_post_thumbnail":0,"footnotes":""},"class_list":["post-2","page","type-page","status-publish","hentry"],"_links":{"self":[{"href":"https:\/\/kral-production.cz\/index.php?rest_route=\/wp\/v2\/pages\/2","targetHints":{"allow":["GET"]}}],"collection":[{"href":"https:\/\/kral-production.cz\/index.php?rest_route=\/wp\/v2\/pages"}],"about":[{"href":"https:\/\/kral-production.cz\/index.php?rest_route=\/wp\/v2\/types\/page"}],"author":[{"embeddable":true,"href":"https:\/\/kral-production.cz\/index.php?rest_route=\/wp\/v2\/users\/1"}],"replies":[{"embeddable":true,"href":"https:\/\/kral-production.cz\/index.php?rest_route=%2Fwp%2Fv2%2Fcomments&post=2"}],"version-history":[{"count":3,"href":"https:\/\/kral-production.cz\/index.php?rest_route=\/wp\/v2\/pages\/2\/revisions"}],"predecessor-version":[{"id":21912,"href":"https:\/\/kral-production.cz\/index.php?rest_route=\/wp\/v2\/pages\/2\/revisions\/21912"}],"up":[{"embeddable":true,"href":"https:\/\/kral-production.cz\/index.php?rest_route=\/wp\/v2\/pages\/290"}],"wp:attachment":[{"href":"https:\/\/kral-production.cz\/index.php?rest_route=%2Fwp%2Fv2%2Fmedia&parent=2"}],"curies":[{"name":"wp","href":"https:\/\/api.w.org\/{rel}","templated":true}]}}